{"id":43,"date":"2025-08-14T10:57:32","date_gmt":"2025-08-14T10:57:32","guid":{"rendered":"https:\/\/no-boarder.de\/?page_id=43"},"modified":"2026-01-19T14:27:12","modified_gmt":"2026-01-19T14:27:12","slug":"impressum","status":"publish","type":"page","link":"https:\/\/no-boarder.de\/?page_id=43","title":{"rendered":"IMPRESSUM"},"content":{"rendered":"\n<p><\/p>\n\n\n<section  class='av_textblock_section av-mkl9cn67-6884da96cc8d9d9390992c7accabdef4 '   itemscope=\"itemscope\" itemtype=\"https:\/\/schema.org\/CreativeWork\" ><div class='avia_textblock'  itemprop=\"text\" ><p>Gilt auch f\u00fcr alle unsere Social Media Kan\u00e4le, wie z. B.: Facebook, Instagram, YouTube &amp; Linkedin<\/p>\n<p>Johannes Hecker<br \/>\nPalmstr. 29<br \/>\n50672 K\u00f6ln<\/p>\n<p>Telefon:<a href=\"tel:+491794842271\">+49 (0)179 &#8211; 498 22 71<\/a><br \/>\neMail:\u00a0<a href=\"mailto:johannes.hecker@no-boarder.de\">johannes.hecker@no-boarder.de<\/a><br \/>\nWeb: no-boarder.de<\/p>\n<p>Inhaltlich verantwortlich: Johannes Hecker, Adresse wie oben.<\/p>\n<p>Webdesign &amp; Programmierung:\u00a0<a href=\"http:\/\/julia-pauken.de\/\" target=\"_blank\" rel=\"noopener\">Julia Pauken Mediendesign<\/a><\/p>\n<p>Plattform der Europ\u00e4ischen Kommission zur Online-Streitbeilegung (OS) f\u00fcr Verbraucher: https:\/\/ec.europa.eu\/consumers\/odr\/. Wir sind nicht bereit und nicht verpflichtet an einem Streitbeilegungsverfahren vor einer Verbraucherschlichtungsstelle teilzunehmen.<\/p>\n<p><strong>Keine Abmahnung ohne vorherigen Kontakt<\/strong><\/p>\n<p>Sollte irgendwelcher Inhalt oder die designtechnische Gestaltung einzelner Seiten oder Teile dieses Onlineportals fremde Rechte Dritter oder gesetzliche Bestimmungen verletzen oder anderweitig in irgendeiner Form wettbewerbsrechtliche Probleme hervorbringen, so bitten wir unter Berufung auf Paragraf 8 Abs. 4 UWG, um eine angemessene, ausreichend erl\u00e4uternde und schnelle Nachricht ohne Kostennote. Wir garantieren, dass die zu Recht beanstandeten Passagen oder Teile dieser Webseiten in angemessener Frist entfernt bzw. den rechtlichen Vorgaben umf\u00e4nglich angepasst werden, ohne dass von Ihrer Seite die Einschaltung eines Rechtsbeistandes erforderlich ist. Die Einschaltung eines Anwaltes, zur f\u00fcr den Dienstanbieter kostenpflichtigen Abmahnung, entspricht nicht dessen wirklichen oder mutma\u00dflichen Willen und w\u00fcrde damit einen Versto\u00df gegen Paragraf 13 Abs. 5 UWG, wegen der Verfolgung sachfremder Ziele als beherrschendes Motiv der Verfahrenseinleitung, insbesondere einer Kostenerzielungsabsicht als eigentliche Triebfeder, sowie einen Versto\u00df gegen die Schadensminderungspflicht darstellen.<\/p>\n<\/div><\/section>\n","protected":false},"excerpt":{"rendered":"","protected":false},"author":1,"featured_media":0,"parent":0,"menu_order":0,"comment_status":"closed","ping_status":"closed","template":"","meta":{"_kadence_starter_templates_imported_post":false,"footnotes":""},"class_list":["post-43","page","type-page","status-publish","hentry"],"_links":{"self":[{"href":"https:\/\/no-boarder.de\/index.php?rest_route=\/wp\/v2\/pages\/43","targetHints":{"allow":["GET"]}}],"collection":[{"href":"https:\/\/no-boarder.de\/index.php?rest_route=\/wp\/v2\/pages"}],"about":[{"href":"https:\/\/no-boarder.de\/index.php?rest_route=\/wp\/v2\/types\/page"}],"author":[{"embeddable":true,"href":"https:\/\/no-boarder.de\/index.php?rest_route=\/wp\/v2\/users\/1"}],"replies":[{"embeddable":true,"href":"https:\/\/no-boarder.de\/index.php?rest_route=%2Fwp%2Fv2%2Fcomments&post=43"}],"version-history":[{"count":2,"href":"https:\/\/no-boarder.de\/index.php?rest_route=\/wp\/v2\/pages\/43\/revisions"}],"predecessor-version":[{"id":146,"href":"https:\/\/no-boarder.de\/index.php?rest_route=\/wp\/v2\/pages\/43\/revisions\/146"}],"wp:attachment":[{"href":"https:\/\/no-boarder.de\/index.php?rest_route=%2Fwp%2Fv2%2Fmedia&parent=43"}],"curies":[{"name":"wp","href":"https:\/\/api.w.org\/{rel}","templated":true}]}}