{"id":106,"date":"2025-10-01T12:12:33","date_gmt":"2025-10-01T12:12:33","guid":{"rendered":"https:\/\/no-boarder.de\/?page_id=106"},"modified":"2025-10-01T16:39:16","modified_gmt":"2025-10-01T16:39:16","slug":"ueber-uns","status":"publish","type":"page","link":"https:\/\/no-boarder.de\/?page_id=106","title":{"rendered":"\u00dcBER UNS"},"content":{"rendered":"\n<style type=\"text\/css\" data-created_by=\"avia_inline_auto\" id=\"style-css-av-mg7yg69s-03ad03903051b83359a8cc456ed3e0d3\">\n.avia-section.av-mg7yg69s-03ad03903051b83359a8cc456ed3e0d3{\nbackground-color:rgba(252,194,146,0.39);\nbackground-image:unset;\n}\n<\/style>\n<div id='av_section_1'  class='avia-section av-mg7yg69s-03ad03903051b83359a8cc456ed3e0d3 main_color avia-section-default avia-no-border-styling  avia-builder-el-0  el_before_av_section  avia-builder-el-first  avia-bg-style-scroll container_wrap fullsize'  ><div class='container av-section-cont-open' ><main  role=\"main\" itemprop=\"mainContentOfPage\"  class='template-page content  av-content-full alpha units'><div class='post-entry post-entry-type-page post-entry-106'><div class='entry-content-wrapper clearfix'>\n<div class='flex_column_table av-mg7v7sbc-8351a71843775202ab88b62b7b377b34 sc-av_one_half av-equal-height-column-flextable'><div  class='flex_column av-mg7v7sbc-8351a71843775202ab88b62b7b377b34 av_one_half  avia-builder-el-1  el_before_av_one_half  avia-builder-el-first  first flex_column_table_cell av-equal-height-column av-align-middle  '     ><style type=\"text\/css\" data-created_by=\"avia_inline_auto\" id=\"style-css-av-mg7vh0yn-71b16ee0f0700a2c7bc4d4aafba32500\">\n#top .av_textblock_section.av-mg7vh0yn-71b16ee0f0700a2c7bc4d4aafba32500 .avia_textblock{\ncolor:#f57030;\n}\n<\/style>\n<section  class='av_textblock_section av-mg7vh0yn-71b16ee0f0700a2c7bc4d4aafba32500 '   itemscope=\"itemscope\" itemtype=\"https:\/\/schema.org\/CreativeWork\" ><div class='avia_textblock av_inherit_color'  itemprop=\"text\" ><h1>Johannes Hecker<\/h1>\n<p>ist Inhaber und Gr\u00fcnder von NO BOARDER.<br \/>\nSeit 1976 kennt er &#8222;keine Grenzen&#8220; und geht f\u00fcr seine Kunden den extra Meter.<\/p>\n<p>Er ist Vice Pr\u00e4sident bei der KG Colonia Schiffssitzung e.V. und Mitglied in der KG K\u00f6ln-Rodenkirchen und der Nippeser B\u00fcrgerwehr und lebt dort Ehrenamt, Brauchtum, rheinischen Frohsinn und soziales Engagement.<\/p>\n<p><strong>Kontakt:<\/strong><\/p>\n<p><a href=\"mailto:johannes.hecker@no-boarder.de\">johannes.hecker@no-boarder.de<\/a> |\u00a0<a href=\"tel:+491794842271\">+49 (0)179 \u2013 498 22 71<\/a><\/p>\n<\/div><\/section><\/div><div class='av-flex-placeholder'><\/div><div  class='flex_column av-mg7vhkwd-2cd90205fc4b1b0fcb2bceae571a27a3 av_one_half  avia-builder-el-3  el_after_av_one_half  avia-builder-el-last  flex_column_table_cell av-equal-height-column av-align-middle  '     ><style type=\"text\/css\" data-created_by=\"avia_inline_auto\" id=\"style-css-av-mg7vjyoy-2b817383ef6b278fe77caf5ede57df4b\">\n.avia-image-container.av-mg7vjyoy-2b817383ef6b278fe77caf5ede57df4b img.avia_image{\nbox-shadow:none;\n}\n.avia-image-container.av-mg7vjyoy-2b817383ef6b278fe77caf5ede57df4b .av-image-caption-overlay-center{\ncolor:#ffffff;\n}\n<\/style>\n<div  class='avia-image-container av-mg7vjyoy-2b817383ef6b278fe77caf5ede57df4b av-styling- av-hover-fade avia-align-center  avia-builder-el-4  avia-builder-el-no-sibling '   itemprop=\"image\" itemscope=\"itemscope\" itemtype=\"https:\/\/schema.org\/ImageObject\" ><div class=\"avia-image-container-inner\"><div class=\"avia-image-overlay-wrap\"><img decoding=\"async\" fetchpriority=\"high\" class='wp-image-120 avia-img-lazy-loading-not-120 avia_image fade-basic' src=\"https:\/\/no-boarder.de\/wp-content\/uploads\/2025\/10\/Teambild-1-300x300.png\" alt='' title='Teambild'  height=\"300\" width=\"300\"  itemprop=\"thumbnailUrl\" srcset=\"https:\/\/no-boarder.de\/wp-content\/uploads\/2025\/10\/Teambild-1-300x300.png 300w, https:\/\/no-boarder.de\/wp-content\/uploads\/2025\/10\/Teambild-1-80x80.png 80w, https:\/\/no-boarder.de\/wp-content\/uploads\/2025\/10\/Teambild-1-768x768.png 768w, https:\/\/no-boarder.de\/wp-content\/uploads\/2025\/10\/Teambild-1-36x36.png 36w, https:\/\/no-boarder.de\/wp-content\/uploads\/2025\/10\/Teambild-1-180x180.png 180w, https:\/\/no-boarder.de\/wp-content\/uploads\/2025\/10\/Teambild-1-705x705.png 705w, https:\/\/no-boarder.de\/wp-content\/uploads\/2025\/10\/Teambild-1.png 800w\" sizes=\"(max-width: 300px) 100vw, 300px\" \/><img decoding=\"async\" fetchpriority=\"high\" class='wp-image-128 avia-img-lazy-loading-not-128 avia_image fade-overlay' src=\"https:\/\/no-boarder.de\/wp-content\/uploads\/2025\/10\/Teambild4-300x300.png\" alt='' title='Teambild'  height=\"300\" width=\"300\"  itemprop=\"thumbnailUrl\" srcset=\"https:\/\/no-boarder.de\/wp-content\/uploads\/2025\/10\/Teambild4-300x300.png 300w, https:\/\/no-boarder.de\/wp-content\/uploads\/2025\/10\/Teambild4-80x80.png 80w, https:\/\/no-boarder.de\/wp-content\/uploads\/2025\/10\/Teambild4-768x768.png 768w, https:\/\/no-boarder.de\/wp-content\/uploads\/2025\/10\/Teambild4-36x36.png 36w, https:\/\/no-boarder.de\/wp-content\/uploads\/2025\/10\/Teambild4-180x180.png 180w, https:\/\/no-boarder.de\/wp-content\/uploads\/2025\/10\/Teambild4-705x705.png 705w, https:\/\/no-boarder.de\/wp-content\/uploads\/2025\/10\/Teambild4.png 800w\" sizes=\"(max-width: 300px) 100vw, 300px\" \/><\/div><\/div><\/div><\/div><\/div><!--close column table wrapper. Autoclose: 1 -->\n\n<\/div><\/div><\/main><!-- close content main element --><\/div><\/div>\n<style type=\"text\/css\" data-created_by=\"avia_inline_auto\" id=\"style-css-av-mg7yamq9-f913155dd57ab694db6d5ab392d8e2b7\">\n.avia-section.av-mg7yamq9-f913155dd57ab694db6d5ab392d8e2b7{\nbackground-color:rgba(96,165,144,0.51);\nbackground-image:unset;\n}\n<\/style>\n<div id='av_section_2'  class='avia-section av-mg7yamq9-f913155dd57ab694db6d5ab392d8e2b7 main_color avia-section-default avia-no-border-styling  avia-builder-el-5  el_after_av_section  avia-builder-el-last  avia-bg-style-scroll container_wrap fullsize'  ><div class='container av-section-cont-open' ><div class='template-page content  av-content-full alpha units'><div class='post-entry post-entry-type-page post-entry-106'><div class='entry-content-wrapper clearfix'>\n<div  class='flex_column av-fhun6-9f8289ebc5e3d25a82a68ad09d27e5e4 av_one_half  avia-builder-el-6  el_before_av_one_half  avia-builder-el-first  first flex_column_div  '     ><style type=\"text\/css\" data-created_by=\"avia_inline_auto\" id=\"style-css-av-mg7y4w67-d45d6c36a085f10c3947260ca7c2c90f\">\n.avia-image-container.av-mg7y4w67-d45d6c36a085f10c3947260ca7c2c90f img.avia_image{\nbox-shadow:none;\n}\n.avia-image-container.av-mg7y4w67-d45d6c36a085f10c3947260ca7c2c90f .av-image-caption-overlay-center{\ncolor:#ffffff;\n}\n<\/style>\n<div  class='avia-image-container av-mg7y4w67-d45d6c36a085f10c3947260ca7c2c90f av-styling- av-hover-fade avia-align-center  avia-builder-el-7  avia-builder-el-no-sibling '   itemprop=\"image\" itemscope=\"itemscope\" itemtype=\"https:\/\/schema.org\/ImageObject\" ><div class=\"avia-image-container-inner\"><div class=\"avia-image-overlay-wrap\"><img decoding=\"async\" fetchpriority=\"high\" class='wp-image-121 avia-img-lazy-loading-not-121 avia_image fade-basic' src=\"https:\/\/no-boarder.de\/wp-content\/uploads\/2025\/10\/Teambild2-1-300x300.png\" alt='' title='Teambild2'  height=\"300\" width=\"300\"  itemprop=\"thumbnailUrl\" srcset=\"https:\/\/no-boarder.de\/wp-content\/uploads\/2025\/10\/Teambild2-1-300x300.png 300w, https:\/\/no-boarder.de\/wp-content\/uploads\/2025\/10\/Teambild2-1-80x80.png 80w, https:\/\/no-boarder.de\/wp-content\/uploads\/2025\/10\/Teambild2-1-768x768.png 768w, https:\/\/no-boarder.de\/wp-content\/uploads\/2025\/10\/Teambild2-1-36x36.png 36w, https:\/\/no-boarder.de\/wp-content\/uploads\/2025\/10\/Teambild2-1-180x180.png 180w, https:\/\/no-boarder.de\/wp-content\/uploads\/2025\/10\/Teambild2-1-705x705.png 705w, https:\/\/no-boarder.de\/wp-content\/uploads\/2025\/10\/Teambild2-1.png 800w\" sizes=\"(max-width: 300px) 100vw, 300px\" \/><img decoding=\"async\" fetchpriority=\"high\" class='wp-image-122 avia-img-lazy-loading-not-122 avia_image fade-overlay' src=\"https:\/\/no-boarder.de\/wp-content\/uploads\/2025\/10\/Teambild3-300x300.png\" alt='' title='Teambild2'  height=\"300\" width=\"300\"  itemprop=\"thumbnailUrl\" srcset=\"https:\/\/no-boarder.de\/wp-content\/uploads\/2025\/10\/Teambild3-300x300.png 300w, https:\/\/no-boarder.de\/wp-content\/uploads\/2025\/10\/Teambild3-80x80.png 80w, https:\/\/no-boarder.de\/wp-content\/uploads\/2025\/10\/Teambild3-768x768.png 768w, https:\/\/no-boarder.de\/wp-content\/uploads\/2025\/10\/Teambild3-36x36.png 36w, https:\/\/no-boarder.de\/wp-content\/uploads\/2025\/10\/Teambild3-180x180.png 180w, https:\/\/no-boarder.de\/wp-content\/uploads\/2025\/10\/Teambild3-705x705.png 705w, https:\/\/no-boarder.de\/wp-content\/uploads\/2025\/10\/Teambild3.png 800w\" sizes=\"(max-width: 300px) 100vw, 300px\" \/><\/div><\/div><\/div><\/div><div  class='flex_column av-8uv8y-26c6f4ffa72d04c6bcee2cb4ddb812f0 av_one_half  avia-builder-el-8  el_after_av_one_half  avia-builder-el-last  flex_column_div  '     ><style type=\"text\/css\" data-created_by=\"avia_inline_auto\" id=\"style-css-av-mg7y1p6x-b6971e8b5e3fcd8243354dd1c9b90cc3\">\n#top .av_textblock_section.av-mg7y1p6x-b6971e8b5e3fcd8243354dd1c9b90cc3 .avia_textblock{\ncolor:#205d57;\n}\n<\/style>\n<section  class='av_textblock_section av-mg7y1p6x-b6971e8b5e3fcd8243354dd1c9b90cc3 '   itemscope=\"itemscope\" itemtype=\"https:\/\/schema.org\/CreativeWork\" ><div class='avia_textblock av_inherit_color'  itemprop=\"text\" ><h1>Julia Pauken<\/h1>\n<p>ist selbstst\u00e4ndige Mediendesignerin und arbeitet seit Jahren erfolgreich mit Johannes zusammen.<\/p>\n<p>Sie ist der kreative Kopf und liefert die Ideen oder setzt Ihre grafisch um. Egal ob Ordenszeichnungen, Pin-Entw\u00fcrfe, Druckprodukte, Grafiken f\u00fcr Web, sie liebt die Vielfalt und jede Herausforderung. <a href=\"https:\/\/julia-pauken.de\" target=\"_blank\" rel=\"noopener\">Hier mehr Infos zu Ihrer Arbeit.<\/a><\/p>\n<p>Sie hat 11 Jahre im Karneval getanzt, unterst\u00fctzt ehrenamtlich kleine, gemeinn\u00fctzige Vereine und hospitiert gerade bei den Colombinen.<\/p>\n<p><strong>Kontakt:<\/strong><\/p>\n<p><a href=\"mailto:mail@julia-pauken.de\">mail@julia-pauken.de<\/a> | <a href=\"tel:00491753447344\">+49 (0)175-3447344<\/a><\/p>\n<\/div><\/section><\/div>\n","protected":false},"excerpt":{"rendered":"","protected":false},"author":1,"featured_media":0,"parent":0,"menu_order":0,"comment_status":"closed","ping_status":"closed","template":"","meta":{"_kadence_starter_templates_imported_post":false,"footnotes":""},"class_list":["post-106","page","type-page","status-publish","hentry"],"_links":{"self":[{"href":"https:\/\/no-boarder.de\/index.php?rest_route=\/wp\/v2\/pages\/106","targetHints":{"allow":["GET"]}}],"collection":[{"href":"https:\/\/no-boarder.de\/index.php?rest_route=\/wp\/v2\/pages"}],"about":[{"href":"https:\/\/no-boarder.de\/index.php?rest_route=\/wp\/v2\/types\/page"}],"author":[{"embeddable":true,"href":"https:\/\/no-boarder.de\/index.php?rest_route=\/wp\/v2\/users\/1"}],"replies":[{"embeddable":true,"href":"https:\/\/no-boarder.de\/index.php?rest_route=%2Fwp%2Fv2%2Fcomments&post=106"}],"version-history":[{"count":16,"href":"https:\/\/no-boarder.de\/index.php?rest_route=\/wp\/v2\/pages\/106\/revisions"}],"predecessor-version":[{"id":134,"href":"https:\/\/no-boarder.de\/index.php?rest_route=\/wp\/v2\/pages\/106\/revisions\/134"}],"wp:attachment":[{"href":"https:\/\/no-boarder.de\/index.php?rest_route=%2Fwp%2Fv2%2Fmedia&parent=106"}],"curies":[{"name":"wp","href":"https:\/\/api.w.org\/{rel}","templated":true}]}}